{"id":183,"date":"2025-11-06T11:14:36","date_gmt":"2025-11-06T11:14:36","guid":{"rendered":"https:\/\/adesti.es\/?page_id=183"},"modified":"2025-11-18T11:53:19","modified_gmt":"2025-11-18T11:53:19","slug":"about","status":"publish","type":"page","link":"https:\/\/adesti.es\/es\/about\/","title":{"rendered":"Sobre nosotros"},"content":{"rendered":"\t\t<div data-elementor-type=\"wp-page\" data-elementor-id=\"183\" class=\"elementor elementor-183\" data-elementor-post-type=\"page\">\n\t\t\t\t<div class=\"elementor-element elementor-element-1005abc e-con-full e-flex e-con e-parent\" data-id=\"1005abc\" data-element_type=\"container\" data-e-type=\"container\" data-settings=\"{&quot;background_background&quot;:&quot;classic&quot;}\">\n\t\t\t\t<div class=\"elementor-element elementor-element-98b995c elementor-widget__width-initial elementor-widget elementor-widget-heading\" data-id=\"98b995c\" data-element_type=\"widget\" data-e-type=\"widget\" data-widget_type=\"heading.default\">\n\t\t\t\t\t<h1 class=\"elementor-heading-title elementor-size-default\">Somos una empresa de ingenier\u00eda moderna \u2028y multidisciplinar que combina conocimiento t\u00e9cnico y compromiso ambiental para afrontar los retos actuales.<\/h1>\t\t\t\t<\/div>\n\t\t\t\t<\/div>\n\t\t<div class=\"elementor-element elementor-element-dd2279e e-con-full e-flex e-con e-parent\" data-id=\"dd2279e\" data-element_type=\"container\" data-e-type=\"container\">\n\t\t<div class=\"elementor-element elementor-element-79ff46e e-con-full e-flex e-con e-child\" data-id=\"79ff46e\" data-element_type=\"container\" data-e-type=\"container\">\n\t\t<div class=\"elementor-element elementor-element-5ccc39f e-con-full e-flex e-con e-child\" data-id=\"5ccc39f\" data-element_type=\"container\" data-e-type=\"container\">\n\t\t\t\t<div class=\"elementor-element elementor-element-b0e3c12 elementor-view-default elementor-widget elementor-widget-icon\" data-id=\"b0e3c12\" data-element_type=\"widget\" data-e-type=\"widget\" data-widget_type=\"icon.default\">\n\t\t\t\t\t\t\t<div class=\"elementor-icon-wrapper\">\n\t\t\t<div class=\"elementor-icon\">\n\t\t\t<svg xmlns=\"http:\/\/www.w3.org\/2000\/svg\" width=\"15\" height=\"15\" viewBox=\"0 0 15 15\" fill=\"none\"><foreignObject x=\"-50\" y=\"-50\" width=\"114.362\" height=\"114.361\"><\/foreignObject><rect data-figma-bg-blur-radius=\"50\" x=\"0.5\" y=\"0.5\" width=\"13.3619\" height=\"13.3607\" rx=\"6.68036\" fill=\"#F15759\" stroke=\"#F15759\"><\/rect><defs><clipPath id=\"bgblur_0_128_426_clip_path\" transform=\"translate(50 50)\"><rect x=\"0.5\" y=\"0.5\" width=\"13.3619\" height=\"13.3607\" rx=\"6.68036\"><\/rect><\/clipPath><\/defs><\/svg>\t\t\t<\/div>\n\t\t<\/div>\n\t\t\t\t\t\t<\/div>\n\t\t\t\t<div class=\"elementor-element elementor-element-9b4f76e elementor-widget elementor-widget-heading\" data-id=\"9b4f76e\" data-element_type=\"widget\" data-e-type=\"widget\" data-widget_type=\"heading.default\">\n\t\t\t\t\t<h2 class=\"elementor-heading-title elementor-size-default\">Sobre Adesti<\/h2>\t\t\t\t<\/div>\n\t\t\t\t<\/div>\n\t\t<div class=\"elementor-element elementor-element-be4a552 e-con-full e-flex e-con e-child\" data-id=\"be4a552\" data-element_type=\"container\" data-e-type=\"container\">\n\t\t\t\t<div class=\"elementor-element elementor-element-4b342ed elementor-widget elementor-widget-text-editor\" data-id=\"4b342ed\" data-element_type=\"widget\" data-e-type=\"widget\" data-widget_type=\"text-editor.default\">\n\t\t\t\t\t\t\t\t\t<p>Somos una empresa de ingenier\u00eda moderna y multidisciplinar que combina conocimiento t\u00e9cnico y compromiso ambiental para afrontar los retos actuales. Ofrecemos soluciones innovadoras en \u00e1mbitos como el agua, el territorio, las infraestructuras y la edificaci\u00f3n, trabajando tanto para el sector p\u00fablico como el privado. Con una visi\u00f3n transversal y sostenible, impulsamos proyectos eficientes, respetuosos y arraigados al territorio.<\/p>\t\t\t\t\t\t\t\t<\/div>\n\t\t\t\t<\/div>\n\t\t\t\t<\/div>\n\t\t<div class=\"elementor-element elementor-element-818a24b e-con-full e-flex e-con e-child\" data-id=\"818a24b\" data-element_type=\"container\" data-e-type=\"container\">\n\t\t<div class=\"elementor-element elementor-element-ac5e692 e-con-full e-flex e-con e-child\" data-id=\"ac5e692\" data-element_type=\"container\" data-e-type=\"container\">\n\t\t\t\t<div class=\"elementor-element elementor-element-6971b08 elementor-view-default elementor-widget elementor-widget-icon\" data-id=\"6971b08\" data-element_type=\"widget\" data-e-type=\"widget\" data-widget_type=\"icon.default\">\n\t\t\t\t\t\t\t<div class=\"elementor-icon-wrapper\">\n\t\t\t<div class=\"elementor-icon\">\n\t\t\t<svg xmlns=\"http:\/\/www.w3.org\/2000\/svg\" width=\"15\" height=\"15\" viewBox=\"0 0 15 15\" fill=\"none\"><foreignObject x=\"-50\" y=\"-50\" width=\"114.362\" height=\"114.361\"><\/foreignObject><rect data-figma-bg-blur-radius=\"50\" x=\"0.5\" y=\"0.5\" width=\"13.3619\" height=\"13.3607\" rx=\"6.68036\" fill=\"#F15759\" stroke=\"#F15759\"><\/rect><defs><clipPath id=\"bgblur_0_128_426_clip_path\" transform=\"translate(50 50)\"><rect x=\"0.5\" y=\"0.5\" width=\"13.3619\" height=\"13.3607\" rx=\"6.68036\"><\/rect><\/clipPath><\/defs><\/svg>\t\t\t<\/div>\n\t\t<\/div>\n\t\t\t\t\t\t<\/div>\n\t\t\t\t<div class=\"elementor-element elementor-element-403d1f0 elementor-widget elementor-widget-heading\" data-id=\"403d1f0\" data-element_type=\"widget\" data-e-type=\"widget\" data-widget_type=\"heading.default\">\n\t\t\t\t\t<h2 class=\"elementor-heading-title elementor-size-default\">Nuestros Valores<\/h2>\t\t\t\t<\/div>\n\t\t\t\t<\/div>\n\t\t<div class=\"elementor-element elementor-element-1af05a6 e-con-full e-flex e-con e-child\" data-id=\"1af05a6\" data-element_type=\"container\" data-e-type=\"container\">\n\t\t\t\t<div class=\"elementor-element elementor-element-ed90e56 elementor-widget elementor-widget-text-editor\" data-id=\"ed90e56\" data-element_type=\"widget\" data-e-type=\"widget\" data-widget_type=\"text-editor.default\">\n\t\t\t\t\t\t\t\t\t<p>Nuestro enfoque se basa en cuatro pilares fundamentales:<\/p>\t\t\t\t\t\t\t\t<\/div>\n\t\t<div class=\"elementor-element elementor-element-94985c4 e-con-full e-flex e-con e-child\" data-id=\"94985c4\" data-element_type=\"container\" data-e-type=\"container\">\n\t\t\t\t<div class=\"elementor-element elementor-element-e5491f6 elementor-widget elementor-widget-text-editor\" data-id=\"e5491f6\" data-element_type=\"widget\" data-e-type=\"widget\" data-widget_type=\"text-editor.default\">\n\t\t\t\t\t\t\t\t\t<p>Sostenibilidad<\/p>\t\t\t\t\t\t\t\t<\/div>\n\t\t\t\t<div class=\"elementor-element elementor-element-859cd64 elementor-widget elementor-widget-text-editor\" data-id=\"859cd64\" data-element_type=\"widget\" data-e-type=\"widget\" data-widget_type=\"text-editor.default\">\n\t\t\t\t\t\t\t\t\t<p>Impulsamos proyectos que minimicen la huella ecol\u00f3gica y fomenten la eficiencia en el uso de recursos.<\/p>\t\t\t\t\t\t\t\t<\/div>\n\t\t\t\t<\/div>\n\t\t<div class=\"elementor-element elementor-element-1f69bf9 e-con-full e-flex e-con e-child\" data-id=\"1f69bf9\" data-element_type=\"container\" data-e-type=\"container\">\n\t\t\t\t<div class=\"elementor-element elementor-element-1fab832 elementor-widget elementor-widget-text-editor\" data-id=\"1fab832\" data-element_type=\"widget\" data-e-type=\"widget\" data-widget_type=\"text-editor.default\">\n\t\t\t\t\t\t\t\t\t<p>Innovaci\u00f3n<\/p>\t\t\t\t\t\t\t\t<\/div>\n\t\t\t\t<div class=\"elementor-element elementor-element-3826287 elementor-widget elementor-widget-text-editor\" data-id=\"3826287\" data-element_type=\"widget\" data-e-type=\"widget\" data-widget_type=\"text-editor.default\">\n\t\t\t\t\t\t\t\t\t<p>Integramos soluciones avanzadas, tecnolog\u00edas emergentes y una mirada creativa para ofrecerle respuestas inteligentes.<\/p>\t\t\t\t\t\t\t\t<\/div>\n\t\t\t\t<\/div>\n\t\t<div class=\"elementor-element elementor-element-9178599 e-con-full e-flex e-con e-child\" data-id=\"9178599\" data-element_type=\"container\" data-e-type=\"container\">\n\t\t\t\t<div class=\"elementor-element elementor-element-4ce0faa elementor-widget elementor-widget-text-editor\" data-id=\"4ce0faa\" data-element_type=\"widget\" data-e-type=\"widget\" data-widget_type=\"text-editor.default\">\n\t\t\t\t\t\t\t\t\t<p>Comprom\u00eds amb el territori<\/p>\t\t\t\t\t\t\t\t<\/div>\n\t\t\t\t<div class=\"elementor-element elementor-element-b45908d elementor-widget elementor-widget-text-editor\" data-id=\"b45908d\" data-element_type=\"widget\" data-e-type=\"widget\" data-widget_type=\"text-editor.default\">\n\t\t\t\t\t\t\t\t\t<p>Trabajamos desde el conocimiento profundo del contexto local, colaborando con los agentes del territorio y respetando su identidad.<\/p>\t\t\t\t\t\t\t\t<\/div>\n\t\t\t\t<\/div>\n\t\t<div class=\"elementor-element elementor-element-d567ff1 e-con-full e-flex e-con e-child\" data-id=\"d567ff1\" data-element_type=\"container\" data-e-type=\"container\">\n\t\t\t\t<div class=\"elementor-element elementor-element-50a8210 elementor-widget elementor-widget-text-editor\" data-id=\"50a8210\" data-element_type=\"widget\" data-e-type=\"widget\" data-widget_type=\"text-editor.default\">\n\t\t\t\t\t\t\t\t\t<p>Calidad t\u00e9cnica<\/p>\t\t\t\t\t\t\t\t<\/div>\n\t\t\t\t<div class=\"elementor-element elementor-element-afb9985 elementor-widget elementor-widget-text-editor\" data-id=\"afb9985\" data-element_type=\"widget\" data-e-type=\"widget\" data-widget_type=\"text-editor.default\">\n\t\t\t\t\t\t\t\t\t<p>Aplicamos rigor t\u00e9cnico y metodolog\u00edas contrastadas para garantizar seguridad, eficiencia y durabilidad en cada proyecto.<\/p>\t\t\t\t\t\t\t\t<\/div>\n\t\t\t\t<\/div>\n\t\t\t\t<div class=\"elementor-element elementor-element-0703598 elementor-widget elementor-widget-text-editor\" data-id=\"0703598\" data-element_type=\"widget\" data-e-type=\"widget\" data-widget_type=\"text-editor.default\">\n\t\t\t\t\t\t\t\t\t<p>Aquests valors guien totes les nostres actuacions, amb l\u2019objectiu de generar un impacte positiu i durador en el territori i la societat.<\/p>\t\t\t\t\t\t\t\t<\/div>\n\t\t\t\t<\/div>\n\t\t\t\t<\/div>\n\t\t\t\t<\/div>\n\t\t<div class=\"elementor-element elementor-element-6d9e8ba e-con-full e-flex e-con e-child\" data-id=\"6d9e8ba\" data-element_type=\"container\" data-e-type=\"container\" data-settings=\"{&quot;background_background&quot;:&quot;classic&quot;}\">\n\t\t<div class=\"elementor-element elementor-element-a364a9d e-con-full e-flex e-con e-child\" data-id=\"a364a9d\" data-element_type=\"container\" data-e-type=\"container\" data-settings=\"{&quot;background_background&quot;:&quot;classic&quot;}\">\n\t\t\t\t<div class=\"elementor-element elementor-element-bb20b2e elementor-widget elementor-widget-heading\" data-id=\"bb20b2e\" data-element_type=\"widget\" data-e-type=\"widget\" data-widget_type=\"heading.default\">\n\t\t\t\t\t<span class=\"elementor-heading-title elementor-size-default\">\u00bfHABLAMOS?<\/span>\t\t\t\t<\/div>\n\t\t<div class=\"elementor-element elementor-element-11aa2e1 e-con-full e-flex e-con e-child\" data-id=\"11aa2e1\" data-element_type=\"container\" data-e-type=\"container\">\n\t\t\t\t<div class=\"elementor-element elementor-element-c8322cc elementor-widget elementor-widget-heading\" data-id=\"c8322cc\" data-element_type=\"widget\" data-e-type=\"widget\" data-widget_type=\"heading.default\">\n\t\t\t\t\t<h2 class=\"elementor-heading-title elementor-size-default\">\u00bfInteresado en nuestros servicios?<\/h2>\t\t\t\t<\/div>\n\t\t\t\t<\/div>\n\t\t\t\t<div class=\"elementor-element elementor-element-5c28a35 elementor-widget elementor-widget-button\" data-id=\"5c28a35\" data-element_type=\"widget\" data-e-type=\"widget\" data-widget_type=\"button.default\">\n\t\t\t\t\t\t\t\t\t\t<a class=\"elementor-button elementor-button-link elementor-size-sm\" href=\"mailto:adesti@gmail.com\" target=\"_blank\">\n\t\t\t\t\t\t<span class=\"elementor-button-content-wrapper\">\n\t\t\t\t\t\t\t\t\t<span class=\"elementor-button-text\">CONTACTO<\/span>\n\t\t\t\t\t<\/span>\n\t\t\t\t\t<\/a>\n\t\t\t\t\t\t\t\t<\/div>\n\t\t\t\t<\/div>\n\t\t\t\t<\/div>\n\t\t\t\t<\/div>\n\t\t","protected":false},"excerpt":{"rendered":"<p>Somos una empresa de ingenier\u00eda moderna \u2028y multidisciplinar que combina conocimiento t\u00e9cnico y compromiso ambiental para afrontar los retos actuales. Sobre Adesti Somos una empresa de ingenier\u00eda moderna y multidisciplinar que combina conocimiento t\u00e9cnico y compromiso ambiental para afrontar los retos actuales. Ofrecemos soluciones innovadoras en \u00e1mbitos como el agua, el territorio, las infraestructuras y [&hellip;]<\/p>\n","protected":false},"author":1,"featured_media":62,"parent":0,"menu_order":0,"comment_status":"closed","ping_status":"closed","template":"","meta":{"footnotes":""},"class_list":["post-183","page","type-page","status-publish","has-post-thumbnail","hentry"],"acf":[],"yoast_head":"<!-- This site is optimized with the Yoast SEO plugin v27.4 - https:\/\/yoast.com\/product\/yoast-seo-wordpress\/ -->\n<title>Sobre nosotros - Adesti Ingenier\u00eda y Obras SL<\/title>\n<meta name=\"description\" content=\"Somos una empresa de ingenier\u00eda moderna \u2028y multidisciplinar que combina conocimiento t\u00e9cnico y compromiso ambiental.\" \/>\n<meta name=\"robots\" content=\"index, follow, max-snippet:-1, max-image-preview:large, max-video-preview:-1\" \/>\n<link rel=\"canonical\" href=\"https:\/\/adesti.es\/es\/about\/\" \/>\n<meta property=\"og:locale\" content=\"es_ES\" \/>\n<meta property=\"og:type\" content=\"article\" \/>\n<meta property=\"og:title\" content=\"Sobre nosotros - Adesti Ingenier\u00eda y Obras SL\" \/>\n<meta property=\"og:description\" content=\"Somos una empresa de ingenier\u00eda moderna \u2028y multidisciplinar que combina conocimiento t\u00e9cnico y compromiso ambiental.\" \/>\n<meta property=\"og:url\" content=\"https:\/\/adesti.es\/es\/about\/\" \/>\n<meta property=\"og:site_name\" content=\"Adesti Ingenier\u00eda y Obras SL\" \/>\n<meta property=\"article:modified_time\" content=\"2025-11-18T11:53:19+00:00\" \/>\n<meta property=\"og:image\" content=\"https:\/\/adesti.es\/wp-content\/uploads\/2025\/11\/Group-3.jpg\" \/>\n\t<meta property=\"og:image:width\" content=\"1009\" \/>\n\t<meta property=\"og:image:height\" content=\"1418\" \/>\n\t<meta property=\"og:image:type\" content=\"image\/jpeg\" \/>\n<meta name=\"twitter:card\" content=\"summary_large_image\" \/>\n<meta name=\"twitter:label1\" content=\"Tiempo de lectura\" \/>\n\t<meta name=\"twitter:data1\" content=\"1 minuto\" \/>\n<script type=\"application\/ld+json\" class=\"yoast-schema-graph\">{\"@context\":\"https:\\\/\\\/schema.org\",\"@graph\":[{\"@type\":\"WebPage\",\"@id\":\"https:\\\/\\\/adesti.es\\\/es\\\/about\\\/\",\"url\":\"https:\\\/\\\/adesti.es\\\/es\\\/about\\\/\",\"name\":\"Sobre nosotros - Adesti Ingenier\u00eda y Obras SL\",\"isPartOf\":{\"@id\":\"https:\\\/\\\/adesti.es\\\/es\\\/#website\"},\"primaryImageOfPage\":{\"@id\":\"https:\\\/\\\/adesti.es\\\/es\\\/about\\\/#primaryimage\"},\"image\":{\"@id\":\"https:\\\/\\\/adesti.es\\\/es\\\/about\\\/#primaryimage\"},\"thumbnailUrl\":\"https:\\\/\\\/adesti.es\\\/wp-content\\\/uploads\\\/2025\\\/11\\\/Group-3.jpg\",\"datePublished\":\"2025-11-06T11:14:36+00:00\",\"dateModified\":\"2025-11-18T11:53:19+00:00\",\"description\":\"Somos una empresa de ingenier\u00eda moderna \\u2028y multidisciplinar que combina conocimiento t\u00e9cnico y compromiso ambiental.\",\"breadcrumb\":{\"@id\":\"https:\\\/\\\/adesti.es\\\/es\\\/about\\\/#breadcrumb\"},\"inLanguage\":\"es\",\"potentialAction\":[{\"@type\":\"ReadAction\",\"target\":[\"https:\\\/\\\/adesti.es\\\/es\\\/about\\\/\"]}]},{\"@type\":\"ImageObject\",\"inLanguage\":\"es\",\"@id\":\"https:\\\/\\\/adesti.es\\\/es\\\/about\\\/#primaryimage\",\"url\":\"https:\\\/\\\/adesti.es\\\/wp-content\\\/uploads\\\/2025\\\/11\\\/Group-3.jpg\",\"contentUrl\":\"https:\\\/\\\/adesti.es\\\/wp-content\\\/uploads\\\/2025\\\/11\\\/Group-3.jpg\",\"width\":1009,\"height\":1418},{\"@type\":\"BreadcrumbList\",\"@id\":\"https:\\\/\\\/adesti.es\\\/es\\\/about\\\/#breadcrumb\",\"itemListElement\":[{\"@type\":\"ListItem\",\"position\":1,\"name\":\"Home\",\"item\":\"https:\\\/\\\/adesti.es\\\/es\\\/\"},{\"@type\":\"ListItem\",\"position\":2,\"name\":\"Sobre nosotros\"}]},{\"@type\":\"WebSite\",\"@id\":\"https:\\\/\\\/adesti.es\\\/es\\\/#website\",\"url\":\"https:\\\/\\\/adesti.es\\\/es\\\/\",\"name\":\"Adesti Ingenier\u00eda y Obras SL\",\"description\":\"\",\"publisher\":{\"@id\":\"https:\\\/\\\/adesti.es\\\/es\\\/#organization\"},\"potentialAction\":[{\"@type\":\"SearchAction\",\"target\":{\"@type\":\"EntryPoint\",\"urlTemplate\":\"https:\\\/\\\/adesti.es\\\/es\\\/?s={search_term_string}\"},\"query-input\":{\"@type\":\"PropertyValueSpecification\",\"valueRequired\":true,\"valueName\":\"search_term_string\"}}],\"inLanguage\":\"es\"},{\"@type\":\"Organization\",\"@id\":\"https:\\\/\\\/adesti.es\\\/es\\\/#organization\",\"name\":\"Adesti Ingenier\u00eda y Obras SL\",\"url\":\"https:\\\/\\\/adesti.es\\\/es\\\/\",\"logo\":{\"@type\":\"ImageObject\",\"inLanguage\":\"es\",\"@id\":\"https:\\\/\\\/adesti.es\\\/es\\\/#\\\/schema\\\/logo\\\/image\\\/\",\"url\":\"https:\\\/\\\/adesti.es\\\/wp-content\\\/uploads\\\/2025\\\/11\\\/Group-5.svg\",\"contentUrl\":\"https:\\\/\\\/adesti.es\\\/wp-content\\\/uploads\\\/2025\\\/11\\\/Group-5.svg\",\"width\":130,\"height\":39,\"caption\":\"Adesti Ingenier\u00eda y Obras SL\"},\"image\":{\"@id\":\"https:\\\/\\\/adesti.es\\\/es\\\/#\\\/schema\\\/logo\\\/image\\\/\"}}]}<\/script>\n<!-- \/ Yoast SEO plugin. -->","yoast_head_json":{"title":"Sobre nosotros - Adesti Ingenier\u00eda y Obras SL","description":"Somos una empresa de ingenier\u00eda moderna \u2028y multidisciplinar que combina conocimiento t\u00e9cnico y compromiso ambiental.","robots":{"index":"index","follow":"follow","max-snippet":"max-snippet:-1","max-image-preview":"max-image-preview:large","max-video-preview":"max-video-preview:-1"},"canonical":"https:\/\/adesti.es\/es\/about\/","og_locale":"es_ES","og_type":"article","og_title":"Sobre nosotros - Adesti Ingenier\u00eda y Obras SL","og_description":"Somos una empresa de ingenier\u00eda moderna \u2028y multidisciplinar que combina conocimiento t\u00e9cnico y compromiso ambiental.","og_url":"https:\/\/adesti.es\/es\/about\/","og_site_name":"Adesti Ingenier\u00eda y Obras SL","article_modified_time":"2025-11-18T11:53:19+00:00","og_image":[{"width":1009,"height":1418,"url":"https:\/\/adesti.es\/wp-content\/uploads\/2025\/11\/Group-3.jpg","type":"image\/jpeg"}],"twitter_card":"summary_large_image","twitter_misc":{"Tiempo de lectura":"1 minuto"},"schema":{"@context":"https:\/\/schema.org","@graph":[{"@type":"WebPage","@id":"https:\/\/adesti.es\/es\/about\/","url":"https:\/\/adesti.es\/es\/about\/","name":"Sobre nosotros - Adesti Ingenier\u00eda y Obras SL","isPartOf":{"@id":"https:\/\/adesti.es\/es\/#website"},"primaryImageOfPage":{"@id":"https:\/\/adesti.es\/es\/about\/#primaryimage"},"image":{"@id":"https:\/\/adesti.es\/es\/about\/#primaryimage"},"thumbnailUrl":"https:\/\/adesti.es\/wp-content\/uploads\/2025\/11\/Group-3.jpg","datePublished":"2025-11-06T11:14:36+00:00","dateModified":"2025-11-18T11:53:19+00:00","description":"Somos una empresa de ingenier\u00eda moderna \u2028y multidisciplinar que combina conocimiento t\u00e9cnico y compromiso ambiental.","breadcrumb":{"@id":"https:\/\/adesti.es\/es\/about\/#breadcrumb"},"inLanguage":"es","potentialAction":[{"@type":"ReadAction","target":["https:\/\/adesti.es\/es\/about\/"]}]},{"@type":"ImageObject","inLanguage":"es","@id":"https:\/\/adesti.es\/es\/about\/#primaryimage","url":"https:\/\/adesti.es\/wp-content\/uploads\/2025\/11\/Group-3.jpg","contentUrl":"https:\/\/adesti.es\/wp-content\/uploads\/2025\/11\/Group-3.jpg","width":1009,"height":1418},{"@type":"BreadcrumbList","@id":"https:\/\/adesti.es\/es\/about\/#breadcrumb","itemListElement":[{"@type":"ListItem","position":1,"name":"Home","item":"https:\/\/adesti.es\/es\/"},{"@type":"ListItem","position":2,"name":"Sobre nosotros"}]},{"@type":"WebSite","@id":"https:\/\/adesti.es\/es\/#website","url":"https:\/\/adesti.es\/es\/","name":"Adesti Ingenier\u00eda y Obras SL","description":"","publisher":{"@id":"https:\/\/adesti.es\/es\/#organization"},"potentialAction":[{"@type":"SearchAction","target":{"@type":"EntryPoint","urlTemplate":"https:\/\/adesti.es\/es\/?s={search_term_string}"},"query-input":{"@type":"PropertyValueSpecification","valueRequired":true,"valueName":"search_term_string"}}],"inLanguage":"es"},{"@type":"Organization","@id":"https:\/\/adesti.es\/es\/#organization","name":"Adesti Ingenier\u00eda y Obras SL","url":"https:\/\/adesti.es\/es\/","logo":{"@type":"ImageObject","inLanguage":"es","@id":"https:\/\/adesti.es\/es\/#\/schema\/logo\/image\/","url":"https:\/\/adesti.es\/wp-content\/uploads\/2025\/11\/Group-5.svg","contentUrl":"https:\/\/adesti.es\/wp-content\/uploads\/2025\/11\/Group-5.svg","width":130,"height":39,"caption":"Adesti Ingenier\u00eda y Obras SL"},"image":{"@id":"https:\/\/adesti.es\/es\/#\/schema\/logo\/image\/"}}]}},"_links":{"self":[{"href":"https:\/\/adesti.es\/es\/wp-json\/wp\/v2\/pages\/183","targetHints":{"allow":["GET"]}}],"collection":[{"href":"https:\/\/adesti.es\/es\/wp-json\/wp\/v2\/pages"}],"about":[{"href":"https:\/\/adesti.es\/es\/wp-json\/wp\/v2\/types\/page"}],"author":[{"embeddable":true,"href":"https:\/\/adesti.es\/es\/wp-json\/wp\/v2\/users\/1"}],"replies":[{"embeddable":true,"href":"https:\/\/adesti.es\/es\/wp-json\/wp\/v2\/comments?post=183"}],"version-history":[{"count":41,"href":"https:\/\/adesti.es\/es\/wp-json\/wp\/v2\/pages\/183\/revisions"}],"predecessor-version":[{"id":750,"href":"https:\/\/adesti.es\/es\/wp-json\/wp\/v2\/pages\/183\/revisions\/750"}],"wp:featuredmedia":[{"embeddable":true,"href":"https:\/\/adesti.es\/es\/wp-json\/wp\/v2\/media\/62"}],"wp:attachment":[{"href":"https:\/\/adesti.es\/es\/wp-json\/wp\/v2\/media?parent=183"}],"curies":[{"name":"wp","href":"https:\/\/api.w.org\/{rel}","templated":true}]}}